{"id":152,"date":"2025-03-03T16:51:24","date_gmt":"2025-03-03T15:51:24","guid":{"rendered":"https:\/\/gbparis.com\/?page_id=152"},"modified":"2025-03-20T15:31:41","modified_gmt":"2025-03-20T14:31:41","slug":"image-video-director","status":"publish","type":"page","link":"https:\/\/gbparis.com\/index.php\/image-video-director\/","title":{"rendered":"IMAGE &amp; VIDEO DIRECTOR"},"content":{"rendered":"\n<div style=\"height:30px\" aria-hidden=\"true\" class=\"wp-block-spacer\"><\/div>\n\n\n<p><strong>2021-23<\/strong> Couvent des Jacobins- Rennes\u00a0 \u00a0 \u00a0Streaming, et live dans le cadre de conventions institutionnelles<\/p>\n<p><strong>2021<\/strong><\/p>\n<p><a href=\"https:\/\/youtube.com\/playlist?list=PL59igxnESJmhvtNr0iCWCq7an-5TouEdt&amp;si=R82NLMyc14bYitfQ\"><em>Les dimanches de France Culture<\/em><\/a>\u00a0 \u00a0 \u00a0 \u00a0 \u00a0 \u00a0 \u00a0 \u00a0 \u00a0Th\u00e9\u00e2tre de la Ville- Paris : Youtube, Facebook, &#8230;<br \/><a href=\"https:\/\/youtube.com\/playlist?list=PL59igxnESJmh7FimiFwUHDxMudz-iGUpN&amp;si=pt54FuDG3mK6qULw\"><em>Nouvelles sc\u00e8nes avec les trois baudets\u00a0<\/em><\/a>\u00a0 \u00a0 \u00a0 \u00a0Th\u00e9\u00e2tre de la Ville- Paris : Youtube, Facebook, &#8230;<\/p>\n<p><em>La Possession\u00a0 \u00a0 \u00a0<\/em> \u00a0 \u00a0 \u00a0 \u00a0 \u00a0 \u00a0 \u00a0 \u00a0 \u00a0 \u00a0 \u00a0 \u00a0 \u00a0 \u00a0 \u00a0 \u00a0 \u00a0 \u00a0 \u00a0 \u00a0 \u00a0de Fran\u00e7ois- Xavier Rouyer\/\/ Captation film\u00e9s au Th\u00e9\u00e2tre des Amandiers- Nanterre<\/p>\n<p><strong>2020\u00a0 <\/strong><em>S\u00e9r\u00e9nit\u00e9s \u00e9tait son titre\u00a0 \u00a0 \u00a0 \u00a0 \u00a0 \u00a0 \u00a0 \u00a0 \u00a0 \u00a0 \u00a0 <\/em>de Danya Hammoud\/\/ Captations film\u00e9s aux Ateliers de Paris\/ CDCN<\/p>\n<p><strong>2019<\/strong> <a href=\"https:\/\/www.zeroone.de\/en\/movies\/24h-europe-we-are-the-future\/\"><em>24H- Europe<\/em><\/a>\u00a0 \u00a0 \u00a0 \u00a0 \u00a0 \u00a0 \u00a0 \u00a0 \u00a0 \u00a0 \u00a0 \u00a0 \u00a0 \u00a0 \u00a0 \u00a0 \u00a0 \u00a0 \u00a0 \u00a0 ARTE\/ Z\u00e9ro One Film en coproduction avec Ideale Audience (FR)<\/p>\n<p><strong>2018<\/strong> <em>Sur quel pied danser?<\/em>\u00a0 \u00a0 \u00a0 \u00a0 \u00a0 \u00a0 \u00a0 \u00a0 \u00a0 \u00a0 \u00a0 \u00a0 \u00a0 Production: Les Ateliers Varan Distribution : Les Ateliers Varan<\/p>\n<p><strong>2017<\/strong><br \/><a href=\"https:\/\/www.initio.me\/video\/\"><em>INITIO [live]<\/em>\u00a0<\/a> \u00a0 \u00a0 \u00a0 \u00a0 \u00a0 \u00a0 \u00a0 \u00a0 \u00a0 \u00a0 \u00a0 \u00a0 \u00a0 \u00a0 \u00a0 \u00a0 \u00a0 \u00a0 \u00a0 \u00a0 \u00a0 \u00a0 \u00a0 \u00a0 \u00a0Conception : Tatiana Julien\/ Pedro Garcia- Velasquez\u00a0 \u00a0 \u00a0 \u00a0 \u00a0 Th\u00e9\u00e2tre National de Chaillot<br \/><em>Mon Coeur<\/em>\u00a0 \u00a0 \u00a0 \u00a0 \u00a0 \u00a0 \u00a0 \u00a0 \u00a0 \u00a0 \u00a0 \u00a0 \u00a0 \u00a0 \u00a0 \u00a0 \u00a0 \u00a0 \u00a0 \u00a0 \u00a0 \u00a0 \u00a0 \u00a0 \u00a0 \u00a0 \u00a0Metteur en sc\u00e8ne : Pauline Bureau\u00a0 \u00a0 \u00a0 \u00a0 \u00a0 \u00a0 \u00a0 \u00a0 \u00a0 \u00a0 Le Volcan &#8211; Seine Nationale de Normandie<\/p>\n<p><strong>2016<\/strong><\/p>\n<p><a href=\"https:\/\/lightcone.org\/fr\/film-10164-1985\"><em>1985<\/em><\/a>\u00a0 \u00a0 \u00a0 \u00a0 \u00a0 \u00a0 \u00a0 \u00a0 \u00a0 \u00a0 \u00a0 \u00a0 \u00a0 \u00a0 \u00a0 \u00a0 \u00a0 \u00a0 \u00a0 \u00a0 \u00a0 \u00a0 \u00a0 \u00a0 \u00a0 \u00a0 \u00a0 \u00a0 \u00a0 \u00a0 \u00a0 \u00a0Auto-production Distribution : Light Cone<\/p>\n<p><a href=\"https:\/\/youtube.com\/playlist?list=PL_NhD5aSISzWoKcmjWliFt5vkFSzTUMtZ&amp;si=86j0nr0U6_8ErVWA\"><em>Summer 16<\/em><\/a>\u00a0 \u00a0 \u00a0 \u00a0 \u00a0 \u00a0 \u00a0 \u00a0 \u00a0 \u00a0 \u00a0 \u00a0 \u00a0 \u00a0 \u00a0 \u00a0 \u00a0 \u00a0 \u00a0 \u00a0 \u00a0 \u00a0 \u00a0 \u00a0 \u00a0 \u00a0 \u00a0Chaine Youtube<\/p>\n<p><em>Jach\u00e8re<\/em>\u00a0 \u00a0 \u00a0 \u00a0 \u00a0 \u00a0 \u00a0 \u00a0 \u00a0 \u00a0 \u00a0 \u00a0 \u00a0 \u00a0 \u00a0 \u00a0 \u00a0 \u00a0 \u00a0 \u00a0 \u00a0 \u00a0 \u00a0 \u00a0 \u00a0 \u00a0 \u00a0 \u00a0 \u00a0 \u00a0Metteur En sc\u00e8ne : Jean- Yves Ruf\u00a0 \u00a0 \u00a0 \u00a0 \u00a0 \u00a0 \u00a0 \u00a0 Th\u00e9\u00e2tre G\u00e9rard Philippe- Saint Denis<\/p>\n<p><strong>2015<\/strong> <em>Idomeneo<\/em> de Mozart\u00a0 \u00a0 \u00a0 \u00a0 \u00a0 \u00a0 \u00a0 \u00a0 \u00a0 \u00a0 \u00a0 \u00a0 \u00a0 \u00a0 Direction : Emmanuelle Ha\u00efm \/Metteur en sc\u00e8ne : Jean- Yves Ruf\u00a0 \u00a0 \u00a0 \u00a0 \u00a0 Op\u00e9ra de Lille<\/p>\n<p><strong>2013<\/strong> <em>L\u2019odeur du sang humain ne me quitte pas des yeux<\/em>\u00a0Metteur en sc\u00e8ne: Philippe Ulysse Th\u00e9\u00e2tre Sylvia Monfort<\/p>\n<p><strong>2012<\/strong> <em>Nobody<\/em>\u00a0 \u00a0 \u00a0 \u00a0 \u00a0 \u00a0 \u00a0 \u00a0 \u00a0 \u00a0 \u00a0 \u00a0 \u00a0 \u00a0 \u00a0 \u00a0 \u00a0 \u00a0 \u00a0 \u00a0 \u00a0 \u00a0 \u00a0 \u00a0 \u00a0Chor\u00e9graphe : Farid Ounchiouene\u00a0 \u00a0 \u00a0 \u00a0 \u00a0 \u00a0 \u00a0 \u00a0 \u00a0Th\u00e9\u00e2tre National de Chaillot<\/p>\n<p><strong>2011<\/strong> <em>L\u2019\u00e9toile d\u2019Alger\u00a0 \u00a0 \u00a0 \u00a0 \u00a0 \u00a0 \u00a0 \u00a0 \u00a0 \u00a0 \u00a0 \u00a0 \u00a0 \u00a0 \u00a0 \u00a0 \u00a0 \u00a0 \u00a0\u00a0<\/em> Chor\u00e9graphe : Farid Ounchiouene\u00a0 \u00a0 \u00a0 \u00a0 \u00a0 \u00a0 \u00a0 \u00a0 \u00a0Th\u00e9\u00e2tre National de Chaillot<\/p>\n<p><strong>2010<\/strong> <em>La Belle<\/em>\u00a0 \u00a0 \u00a0 \u00a0 \u00a0 \u00a0 \u00a0 \u00a0 \u00a0 \u00a0 \u00a0 \u00a0 \u00a0 \u00a0 \u00a0 \u00a0 \u00a0 \u00a0 \u00a0 \u00a0 \u00a0 \u00a0 \u00a0 \u00a0 \u00a0Chor\u00e9graphe : Nasser Martin- Gousset\u00a0 \u00a0 \u00a0 \u00a0 \u00a0 Th\u00e9\u00e2tre National de Chaillot<\/p>\n<p><strong>2008<\/strong> <em>P\u00e9n\u00e9lope \u00f4 P\u00e9nelope<\/em>\u00a0 \u00a0 \u00a0 \u00a0 \u00a0 \u00a0 \u00a0 \u00a0 \u00a0 \u00a0 \u00a0 \u00a0 \u00a0 \u00a0 \u00a0Metteur en sc\u00e8ne : Simon Abkarian\u00a0 \u00a0 \u00a0 \u00a0 \u00a0 \u00a0 \u00a0 \u00a0Th\u00e9\u00e2tre National de Chaillot<br \/><em>Prix de la meilleure cr\u00e9ation d\u2019une pi\u00e8ce en langue fran\u00e7aise du Syndicat de la critique 2008<\/em><\/p>\n<p><strong>2007<\/strong> <em>Life is but a dream #1\u00a0 \u00a0 \u00a0 \u00a0 \u00a0 \u00a0 \u00a0 \u00a0 \u00a0 \u00a0 \u00a0 \u00a0 \u00a0<\/em> Metteur en sc\u00e8ne : Patricia Allio\u00a0 \u00a0 \u00a0 \u00a0 \u00a0 \u00a0 \u00a0 \u00a0 \u00a0 \u00a0 \u00a0 Fondation Cartier<\/p>\n<p><strong>2005<\/strong><em> Barques<\/em>\u00a0 \u00a0 \u00a0 \u00a0 \u00a0 \u00a0 \u00a0 \u00a0 \u00a0 \u00a0 \u00a0 \u00a0 \u00a0 \u00a0 \u00a0 \u00a0 \u00a0 \u00a0 \u00a0 \u00a0 \u00a0 \u00a0 \u00a0 \u00a0 Metteur en sc\u00e8ne: La Cin\u00e9m\u00e9canique\u00a0 \u00a0 \u00a0 \u00a0 \u00a0 \u00a0 Sc\u00e8ne Nationale du Quartz , Fondation Cartier<\/p>\n<p><strong>2003<\/strong> <em>Chantier Musil<\/em>\u00a0 \u00a0 \u00a0 \u00a0 \u00a0 \u00a0 \u00a0 \u00a0 \u00a0 \u00a0 \u00a0 \u00a0 \u00a0 \u00a0 \u00a0 \u00a0 \u00a0 \u00a0 \u00a0Chor\u00e9graphe : Fran\u00e7ois Verret\u00a0 \u00a0 \u00a0 \u00a0 \u00a0 \u00a0 \u00a0 \u00a0 \u00a0 \u00a0 \u00a0 \u00a0 \u00a0Th\u00e9\u00e2tre National de Bretagne<\/p>\n\n\n<div style=\"height:200px\" aria-hidden=\"true\" class=\"wp-block-spacer\"><\/div>\n\n\n\n<p><\/p>\n","protected":false},"excerpt":{"rendered":"<p>2021-23 Couvent des Jacobins- Rennes\u00a0 \u00a0 \u00a0Streaming, et live dans le cadre de conventions institutionnelles 2021 Les dimanches de France Culture\u00a0 \u00a0 \u00a0 \u00a0 \u00a0 \u00a0 \u00a0 \u00a0 \u00a0Th\u00e9\u00e2tre de la Ville- Paris : Youtube, Facebook, &#8230;Nouvelles sc\u00e8nes avec les trois baudets\u00a0\u00a0 \u00a0 \u00a0 \u00a0Th\u00e9\u00e2tre de la Ville- Paris : Youtube, Facebook, &#8230; La Possession\u00a0 [&hellip;]<\/p>\n","protected":false},"author":1,"featured_media":0,"parent":0,"menu_order":0,"comment_status":"closed","ping_status":"closed","template":"","meta":{"footnotes":""},"class_list":["post-152","page","type-page","status-publish","hentry"],"_links":{"self":[{"href":"https:\/\/gbparis.com\/index.php\/wp-json\/wp\/v2\/pages\/152","targetHints":{"allow":["GET"]}}],"collection":[{"href":"https:\/\/gbparis.com\/index.php\/wp-json\/wp\/v2\/pages"}],"about":[{"href":"https:\/\/gbparis.com\/index.php\/wp-json\/wp\/v2\/types\/page"}],"author":[{"embeddable":true,"href":"https:\/\/gbparis.com\/index.php\/wp-json\/wp\/v2\/users\/1"}],"replies":[{"embeddable":true,"href":"https:\/\/gbparis.com\/index.php\/wp-json\/wp\/v2\/comments?post=152"}],"version-history":[{"count":21,"href":"https:\/\/gbparis.com\/index.php\/wp-json\/wp\/v2\/pages\/152\/revisions"}],"predecessor-version":[{"id":303,"href":"https:\/\/gbparis.com\/index.php\/wp-json\/wp\/v2\/pages\/152\/revisions\/303"}],"wp:attachment":[{"href":"https:\/\/gbparis.com\/index.php\/wp-json\/wp\/v2\/media?parent=152"}],"curies":[{"name":"wp","href":"https:\/\/api.w.org\/{rel}","templated":true}]}}